{"id":3274,"date":"2023-08-25T10:09:18","date_gmt":"2023-08-25T08:09:18","guid":{"rendered":"https:\/\/amalficoastlovers.com\/index.php\/tour-list\/"},"modified":"2025-04-02T10:46:11","modified_gmt":"2025-04-02T08:46:11","slug":"list","status":"publish","type":"page","link":"https:\/\/amalficoastlovers.com\/en\/tours\/list\/","title":{"rendered":"Tour List"},"content":{"rendered":"\n<p>The Amalfi Coast and Capri are two of Italy&#8217;s most popular tourist destinations. The Amalfi Coast, with its picturesque villages, sheer cliffs and breathtaking landscapes, has been declared a UNESCO World Heritage Site. Capri, with its sea caves, stacks and white beaches, is a dream island.<\/p>\n\n\n\n<h3 class=\"wp-block-heading\" id=\"h-amalficoastlovers-com-is-a-platform-that-deals-with-the-promotion-of-charter-and-yacht-charter-agencies-and-companies-for-online-tour-booking-for-the-amalfi-coast\"><strong>Amalficoastlovers.com is a platform that deals with the promotion of Charter and Yacht Charter Agencies and Companies for online tour booking for the Amalfi Coast<\/strong>         <\/h3>\n\n\n\n<p>The best tours to the Amalfi Coast and Capri are those that allow you to see and experience these two magical places at their best.<\/p>\n\n\n\n<p>If you are looking for an unforgettable experience, one of these tours is the right choice for you.<\/p>\n\n\n<product-catalog-widget widget-id=\"c5e32629-651a-4980-b99f-61d246d3dd99\"><\/product-catalog-widget><script type=\"text\/javascript\" src=\"https:\/\/widgets.regiondo.net\/catalog\/v1\/catalog-widget.min.js\"><\/script><\/p>\n\n\n\n<p><\/p>\n\n\n\n<h3 class=\"wp-block-heading\" id=\"h-terms-of-cancellation\">\n          <strong>TERMS OF CANCELLATION<\/strong>\n        <\/h3>\n\n\n\n<ul class=\"wp-block-list\">\n<li>Full refund up to 20 days after departure.<\/li>\n\n\n\n<li>Refund of 70% up to 10 days after departure.<\/li>\n\n\n\n<li>100% refund or date change in case of inclement weather.<\/li>\n<\/ul>\n\n\n\n<h3 class=\"wp-block-heading\" id=\"h-booking-terms\">\n          <strong>BOOKING TERMS<\/strong>\n        <\/h3>\n\n\n\n<ul class=\"wp-block-list\">\n<li><strong>Amalficoastlovers.com<\/strong> only promotes the online service, protects the end customer from scams, and guarantees the booking with the service provider.<\/li>\n\n\n\n<li>The <strong>business agreement and contract is made between the service user and the service provider<\/strong> on the day of the event.<\/li>\n\n\n\n<li>It is the responsibility of the Service Provider (Charter, Agency, Ncc or Private Occasional)<strong> to notify the Port Authority and Internal Revenue Service that the activity is being carried out properly<\/strong>. <\/li>\n\n\n\n<li>It will be the responsibility of the Charter Agency or Charterer to ensure the perfect performance of the service and all rules governing the activity, in no case will be responsible Amalficoastlovers.com<\/li>\n<\/ul>\n","protected":false},"excerpt":{"rendered":"<p>The Amalfi Coast and Capri are two of Italy&#8217;s most popular tourist destinations. The Amalfi Coast, with its picturesque villages, sheer cliffs and breathtaking landscapes, has been declared a UNESCO World Heritage Site. Capri, with its sea caves, stacks and white beaches, is a dream island.<\/p>\n<p>The best tours to the Amalfi Coast and Capri are those that allow you to see and experience these two magical places at their best. Tours can be group or private, and can include various activities, such as boat tours, sightseeing, and food and wine tastings.<\/p>\n","protected":false},"author":1,"featured_media":93754,"parent":2408,"menu_order":0,"comment_status":"closed","ping_status":"closed","template":"","meta":{"_acf_changed":false,"googlesitekit_rrm_CAowr9K7DA:productID":"","rop_custom_images_group":[],"rop_custom_messages_group":[],"rop_publish_now":"initial","rop_publish_now_accounts":{"facebook_10235375115266389_2115593751914668":""},"rop_publish_now_history":[],"rop_publish_now_status":"pending","_mbp_gutenberg_autopost":false,"footnotes":""},"class_list":["post-3274","page","type-page","status-publish","has-post-thumbnail","hentry"],"acf":[],"yoast_head":"<!-- This site is optimized with the Yoast SEO Premium plugin v27.4 (Yoast SEO v27.4) - https:\/\/yoast.com\/product\/yoast-seo-premium-wordpress\/ -->\n<title>Tour List - Amalficoastlovers<\/title>\n<meta name=\"description\" content=\"Amalficoastlovers.com is a platform that deals with the promotion of Charter and Yacht Charter Agencies and Companies for online tour booking for the Amalfi Coast\" \/>\n<meta name=\"robots\" content=\"index, follow, max-snippet:-1, max-image-preview:large, max-video-preview:-1\" \/>\n<link rel=\"canonical\" href=\"https:\/\/amalficoastlovers.com\/en\/tours\/list\/\" \/>\n<meta property=\"og:locale\" content=\"en_US\" \/>\n<meta property=\"og:type\" content=\"article\" \/>\n<meta property=\"og:title\" content=\"Tour List\" \/>\n<meta property=\"og:description\" content=\"Amalficoastlovers.com is a platform that deals with the promotion of Charter and Yacht Charter Agencies and Companies for online tour booking for the Amalfi Coast\" \/>\n<meta property=\"og:url\" content=\"https:\/\/amalficoastlovers.com\/en\/tours\/list\/\" \/>\n<meta property=\"og:site_name\" content=\"Amalficoastlovers\" \/>\n<meta property=\"article:publisher\" content=\"https:\/\/www.facebook.com\/amalficoastlovers\" \/>\n<meta property=\"article:modified_time\" content=\"2025-04-02T08:46:11+00:00\" \/>\n<meta property=\"og:image\" content=\"https:\/\/amalficoastlovers.com\/wp-content\/uploads\/2023\/09\/amalficoastlovers-addioalnubilato-barca-salerno-amalfi-19-600x600.jpg\" \/>\n<meta name=\"twitter:card\" content=\"summary_large_image\" \/>\n<meta name=\"twitter:description\" content=\"Amalficoastlovers.com is a platform that deals with the promotion of Charter and Yacht Charter Agencies and Companies for online tour booking for the Amalfi Coast\" \/>\n<meta name=\"twitter:label1\" content=\"Est. reading time\" \/>\n\t<meta name=\"twitter:data1\" content=\"2 minutes\" \/>\n<script type=\"application\/ld+json\" class=\"yoast-schema-graph\">{\"@context\":\"https:\\\/\\\/schema.org\",\"@graph\":[{\"@type\":\"WebPage\",\"@id\":\"https:\\\/\\\/amalficoastlovers.com\\\/en\\\/tours\\\/list\\\/\",\"url\":\"https:\\\/\\\/amalficoastlovers.com\\\/en\\\/tours\\\/list\\\/\",\"name\":\"Tour List - Amalficoastlovers\",\"isPartOf\":{\"@id\":\"https:\\\/\\\/amalficoastlovers.com\\\/en\\\/#website\"},\"primaryImageOfPage\":{\"@id\":\"https:\\\/\\\/amalficoastlovers.com\\\/en\\\/tours\\\/list\\\/#primaryimage\"},\"image\":{\"@id\":\"https:\\\/\\\/amalficoastlovers.com\\\/en\\\/tours\\\/list\\\/#primaryimage\"},\"thumbnailUrl\":\"https:\\\/\\\/amalficoastlovers.com\\\/wp-content\\\/uploads\\\/2025\\\/02\\\/isola-di-capri.jpg\",\"datePublished\":\"2023-08-25T08:09:18+00:00\",\"dateModified\":\"2025-04-02T08:46:11+00:00\",\"description\":\"Amalficoastlovers.com is a platform that deals with the promotion of Charter and Yacht Charter Agencies and Companies for online tour booking for the Amalfi Coast\",\"breadcrumb\":{\"@id\":\"https:\\\/\\\/amalficoastlovers.com\\\/en\\\/tours\\\/list\\\/#breadcrumb\"},\"inLanguage\":\"en-US\",\"potentialAction\":[{\"@type\":\"ReadAction\",\"target\":[\"https:\\\/\\\/amalficoastlovers.com\\\/en\\\/tours\\\/list\\\/\"]}]},{\"@type\":\"ImageObject\",\"inLanguage\":\"en-US\",\"@id\":\"https:\\\/\\\/amalficoastlovers.com\\\/en\\\/tours\\\/list\\\/#primaryimage\",\"url\":\"https:\\\/\\\/amalficoastlovers.com\\\/wp-content\\\/uploads\\\/2025\\\/02\\\/isola-di-capri.jpg\",\"contentUrl\":\"https:\\\/\\\/amalficoastlovers.com\\\/wp-content\\\/uploads\\\/2025\\\/02\\\/isola-di-capri.jpg\",\"width\":1100,\"height\":731,\"caption\":\"Tyrrhenian sea coast of Capri, Italy. Rocky cliffs, blue water, multiple floating boats, greenery\"},{\"@type\":\"BreadcrumbList\",\"@id\":\"https:\\\/\\\/amalficoastlovers.com\\\/en\\\/tours\\\/list\\\/#breadcrumb\",\"itemListElement\":[{\"@type\":\"ListItem\",\"position\":1,\"name\":\"Home\",\"item\":\"https:\\\/\\\/amalficoastlovers.com\\\/en\\\/\"},{\"@type\":\"ListItem\",\"position\":2,\"name\":\"Tour\",\"item\":\"https:\\\/\\\/amalficoastlovers.com\\\/en\\\/tours\\\/\"},{\"@type\":\"ListItem\",\"position\":3,\"name\":\"Tour List\"}]},{\"@type\":\"WebSite\",\"@id\":\"https:\\\/\\\/amalficoastlovers.com\\\/en\\\/#website\",\"url\":\"https:\\\/\\\/amalficoastlovers.com\\\/en\\\/\",\"name\":\"Amalfi Coast Lovers\",\"description\":\"Piattaforma di promozione della Costiera Amalfitana\",\"publisher\":{\"@id\":\"https:\\\/\\\/amalficoastlovers.com\\\/en\\\/#organization\"},\"alternateName\":\"Amalfi Coast Lovers\",\"potentialAction\":[{\"@type\":\"SearchAction\",\"target\":{\"@type\":\"EntryPoint\",\"urlTemplate\":\"https:\\\/\\\/amalficoastlovers.com\\\/en\\\/?s={search_term_string}\"},\"query-input\":{\"@type\":\"PropertyValueSpecification\",\"valueRequired\":true,\"valueName\":\"search_term_string\"}}],\"inLanguage\":\"en-US\"},{\"@type\":[\"Organization\",\"Place\",\"TravelAgency\"],\"@id\":\"https:\\\/\\\/amalficoastlovers.com\\\/en\\\/#organization\",\"name\":\"Amalfi Coast Lovers Tour & Experiences\",\"alternateName\":\"Portale di promozione di Tour e Prodotti della Costiera Amalfitana\",\"url\":\"https:\\\/\\\/amalficoastlovers.com\\\/en\\\/\",\"logo\":{\"@id\":\"https:\\\/\\\/amalficoastlovers.com\\\/en\\\/tours\\\/list\\\/#local-main-organization-logo\"},\"image\":{\"@id\":\"https:\\\/\\\/amalficoastlovers.com\\\/en\\\/tours\\\/list\\\/#local-main-organization-logo\"},\"sameAs\":[\"https:\\\/\\\/www.facebook.com\\\/amalficoastlovers\",\"https:\\\/\\\/www.instagram.com\\\/amalficoastlovers\\\/\"],\"description\":\"Amalfi Coast Lovers - Esperienze Esclusive in Costiera Amalfitana **Amalfi Coast Lovers** \u00e8 un'azienda specializzata nell'organizzazione di **tour in barca e in auto** lungo la Costiera Amalfitana e le principali destinazioni turistiche della Campania. Offriamo un servizio dedicato a chi desidera scoprire il fascino autentico della regione con esperienze esclusive e personalizzate. ### **Cosa Offriamo** - **Tour privati e di gruppo in barca** lungo la Costiera Amalfitana, con soste nei luoghi pi\u00f9 suggestivi come Positano, Amalfi e le grotte nascoste. - **Escursioni in auto con autista privato**, per visitare comodamente le localit\u00e0 pi\u00f9 iconiche come Ravello, Sorrento, Pompei e il Vesuvio. - **Biglietti d\u2019ingresso riservati** per siti storici e naturali come Pompei, Paestum e il Vesuvio, garantendo un accesso rapido e senza attese. ### **Destinazioni e Esperienze** - **Costiera Amalfitana**: tour panoramici e soste nei borghi pi\u00f9 caratteristici. - **Pompei e Paestum**: visite ai pi\u00f9 importanti siti archeologici della Campania. - **Vesuvio**: escursioni per ammirare il cratere e il panorama sul Golfo di Napoli. - **Capri e Ischia**: tour in barca per esplorare le isole pi\u00f9 affascinanti della regione. ### **Perch\u00e9 Sceglierci** - **Esperienza e professionalit\u00e0** nel settore turistico. - **Servizi personalizzati**, con possibilit\u00e0 di itinerari su misura. - **Assistenza clienti dedicata** prima e durante l\u2019esperienza. Per maggiori informazioni e prenotazioni, visita il nostro sito: [**amalficoastlovers.com**](https:\\\/\\\/amalficoastlovers.com\\\/)\",\"legalName\":\"Amalfi Coast Lovers\",\"foundingDate\":\"2020-05-13\",\"address\":{\"@id\":\"https:\\\/\\\/amalficoastlovers.com\\\/en\\\/tours\\\/list\\\/#local-main-place-address\"},\"geo\":{\"@type\":\"GeoCoordinates\",\"latitude\":\"40.6753848435806\",\"longitude\":\"14.7535631060528\"},\"telephone\":[],\"contactPoint\":{\"@type\":\"ContactPoint\",\"email\":\"info@amalficoastlovers.com\"},\"openingHoursSpecification\":[{\"@type\":\"OpeningHoursSpecification\",\"dayOfWeek\":[\"Monday\",\"Tuesday\",\"Wednesday\",\"Thursday\",\"Friday\",\"Saturday\",\"Sunday\"],\"opens\":\"09:00\",\"closes\":\"17:00\"}],\"email\":\"info@amalficoastlovers.com\",\"priceRange\":\"$\",\"currenciesAccepted\":\"Tutte\",\"paymentAccepted\":\"Tutti\"},{\"@type\":\"PostalAddress\",\"@id\":\"https:\\\/\\\/amalficoastlovers.com\\\/en\\\/tours\\\/list\\\/#local-main-place-address\",\"streetAddress\":\"Via Sottopiazza Libert\u00e0\",\"addressLocality\":\"Salerno\",\"postalCode\":\"84121\",\"addressRegion\":\"Salerno\",\"addressCountry\":\"IT\"},{\"@type\":\"ImageObject\",\"inLanguage\":\"en-US\",\"@id\":\"https:\\\/\\\/amalficoastlovers.com\\\/en\\\/tours\\\/list\\\/#local-main-organization-logo\",\"url\":\"https:\\\/\\\/amalficoastlovers.com\\\/wp-content\\\/uploads\\\/2023\\\/05\\\/logo-acl-512px_.png\",\"contentUrl\":\"https:\\\/\\\/amalficoastlovers.com\\\/wp-content\\\/uploads\\\/2023\\\/05\\\/logo-acl-512px_.png\",\"width\":2134,\"height\":2134,\"caption\":\"Amalfi Coast Lovers Tour & Experiences\"}]}<\/script>\n<meta name=\"geo.placename\" content=\"Salerno\" \/>\n<meta name=\"geo.position\" content=\"40.6753848435806;14.7535631060528\" \/>\n<meta name=\"geo.region\" content=\"Italy\" \/>\n<!-- \/ Yoast SEO Premium plugin. -->","yoast_head_json":{"title":"Tour List - Amalficoastlovers","description":"Amalficoastlovers.com is a platform that deals with the promotion of Charter and Yacht Charter Agencies and Companies for online tour booking for the Amalfi Coast","robots":{"index":"index","follow":"follow","max-snippet":"max-snippet:-1","max-image-preview":"max-image-preview:large","max-video-preview":"max-video-preview:-1"},"canonical":"https:\/\/amalficoastlovers.com\/en\/tours\/list\/","og_locale":"en_US","og_type":"article","og_title":"Tour List","og_description":"Amalficoastlovers.com is a platform that deals with the promotion of Charter and Yacht Charter Agencies and Companies for online tour booking for the Amalfi Coast","og_url":"https:\/\/amalficoastlovers.com\/en\/tours\/list\/","og_site_name":"Amalficoastlovers","article_publisher":"https:\/\/www.facebook.com\/amalficoastlovers","article_modified_time":"2025-04-02T08:46:11+00:00","og_image":[{"url":"https:\/\/amalficoastlovers.com\/wp-content\/uploads\/2023\/09\/amalficoastlovers-addioalnubilato-barca-salerno-amalfi-19-600x600.jpg","type":"","width":"","height":""}],"twitter_card":"summary_large_image","twitter_description":"Amalficoastlovers.com is a platform that deals with the promotion of Charter and Yacht Charter Agencies and Companies for online tour booking for the Amalfi Coast","twitter_misc":{"Est. reading time":"2 minutes"},"schema":{"@context":"https:\/\/schema.org","@graph":[{"@type":"WebPage","@id":"https:\/\/amalficoastlovers.com\/en\/tours\/list\/","url":"https:\/\/amalficoastlovers.com\/en\/tours\/list\/","name":"Tour List - Amalficoastlovers","isPartOf":{"@id":"https:\/\/amalficoastlovers.com\/en\/#website"},"primaryImageOfPage":{"@id":"https:\/\/amalficoastlovers.com\/en\/tours\/list\/#primaryimage"},"image":{"@id":"https:\/\/amalficoastlovers.com\/en\/tours\/list\/#primaryimage"},"thumbnailUrl":"https:\/\/amalficoastlovers.com\/wp-content\/uploads\/2025\/02\/isola-di-capri.jpg","datePublished":"2023-08-25T08:09:18+00:00","dateModified":"2025-04-02T08:46:11+00:00","description":"Amalficoastlovers.com is a platform that deals with the promotion of Charter and Yacht Charter Agencies and Companies for online tour booking for the Amalfi Coast","breadcrumb":{"@id":"https:\/\/amalficoastlovers.com\/en\/tours\/list\/#breadcrumb"},"inLanguage":"en-US","potentialAction":[{"@type":"ReadAction","target":["https:\/\/amalficoastlovers.com\/en\/tours\/list\/"]}]},{"@type":"ImageObject","inLanguage":"en-US","@id":"https:\/\/amalficoastlovers.com\/en\/tours\/list\/#primaryimage","url":"https:\/\/amalficoastlovers.com\/wp-content\/uploads\/2025\/02\/isola-di-capri.jpg","contentUrl":"https:\/\/amalficoastlovers.com\/wp-content\/uploads\/2025\/02\/isola-di-capri.jpg","width":1100,"height":731,"caption":"Tyrrhenian sea coast of Capri, Italy. Rocky cliffs, blue water, multiple floating boats, greenery"},{"@type":"BreadcrumbList","@id":"https:\/\/amalficoastlovers.com\/en\/tours\/list\/#breadcrumb","itemListElement":[{"@type":"ListItem","position":1,"name":"Home","item":"https:\/\/amalficoastlovers.com\/en\/"},{"@type":"ListItem","position":2,"name":"Tour","item":"https:\/\/amalficoastlovers.com\/en\/tours\/"},{"@type":"ListItem","position":3,"name":"Tour List"}]},{"@type":"WebSite","@id":"https:\/\/amalficoastlovers.com\/en\/#website","url":"https:\/\/amalficoastlovers.com\/en\/","name":"Amalfi Coast Lovers","description":"Piattaforma di promozione della Costiera Amalfitana","publisher":{"@id":"https:\/\/amalficoastlovers.com\/en\/#organization"},"alternateName":"Amalfi Coast Lovers","potentialAction":[{"@type":"SearchAction","target":{"@type":"EntryPoint","urlTemplate":"https:\/\/amalficoastlovers.com\/en\/?s={search_term_string}"},"query-input":{"@type":"PropertyValueSpecification","valueRequired":true,"valueName":"search_term_string"}}],"inLanguage":"en-US"},{"@type":["Organization","Place","TravelAgency"],"@id":"https:\/\/amalficoastlovers.com\/en\/#organization","name":"Amalfi Coast Lovers Tour & Experiences","alternateName":"Portale di promozione di Tour e Prodotti della Costiera Amalfitana","url":"https:\/\/amalficoastlovers.com\/en\/","logo":{"@id":"https:\/\/amalficoastlovers.com\/en\/tours\/list\/#local-main-organization-logo"},"image":{"@id":"https:\/\/amalficoastlovers.com\/en\/tours\/list\/#local-main-organization-logo"},"sameAs":["https:\/\/www.facebook.com\/amalficoastlovers","https:\/\/www.instagram.com\/amalficoastlovers\/"],"description":"Amalfi Coast Lovers - Esperienze Esclusive in Costiera Amalfitana **Amalfi Coast Lovers** \u00e8 un'azienda specializzata nell'organizzazione di **tour in barca e in auto** lungo la Costiera Amalfitana e le principali destinazioni turistiche della Campania. Offriamo un servizio dedicato a chi desidera scoprire il fascino autentico della regione con esperienze esclusive e personalizzate. ### **Cosa Offriamo** - **Tour privati e di gruppo in barca** lungo la Costiera Amalfitana, con soste nei luoghi pi\u00f9 suggestivi come Positano, Amalfi e le grotte nascoste. - **Escursioni in auto con autista privato**, per visitare comodamente le localit\u00e0 pi\u00f9 iconiche come Ravello, Sorrento, Pompei e il Vesuvio. - **Biglietti d\u2019ingresso riservati** per siti storici e naturali come Pompei, Paestum e il Vesuvio, garantendo un accesso rapido e senza attese. ### **Destinazioni e Esperienze** - **Costiera Amalfitana**: tour panoramici e soste nei borghi pi\u00f9 caratteristici. - **Pompei e Paestum**: visite ai pi\u00f9 importanti siti archeologici della Campania. - **Vesuvio**: escursioni per ammirare il cratere e il panorama sul Golfo di Napoli. - **Capri e Ischia**: tour in barca per esplorare le isole pi\u00f9 affascinanti della regione. ### **Perch\u00e9 Sceglierci** - **Esperienza e professionalit\u00e0** nel settore turistico. - **Servizi personalizzati**, con possibilit\u00e0 di itinerari su misura. - **Assistenza clienti dedicata** prima e durante l\u2019esperienza. Per maggiori informazioni e prenotazioni, visita il nostro sito: [**amalficoastlovers.com**](https:\/\/amalficoastlovers.com\/)","legalName":"Amalfi Coast Lovers","foundingDate":"2020-05-13","address":{"@id":"https:\/\/amalficoastlovers.com\/en\/tours\/list\/#local-main-place-address"},"geo":{"@type":"GeoCoordinates","latitude":"40.6753848435806","longitude":"14.7535631060528"},"telephone":[],"contactPoint":{"@type":"ContactPoint","email":"info@amalficoastlovers.com"},"openingHoursSpecification":[{"@type":"OpeningHoursSpecification","dayOfWeek":["Monday","Tuesday","Wednesday","Thursday","Friday","Saturday","Sunday"],"opens":"09:00","closes":"17:00"}],"email":"info@amalficoastlovers.com","priceRange":"$","currenciesAccepted":"Tutte","paymentAccepted":"Tutti"},{"@type":"PostalAddress","@id":"https:\/\/amalficoastlovers.com\/en\/tours\/list\/#local-main-place-address","streetAddress":"Via Sottopiazza Libert\u00e0","addressLocality":"Salerno","postalCode":"84121","addressRegion":"Salerno","addressCountry":"IT"},{"@type":"ImageObject","inLanguage":"en-US","@id":"https:\/\/amalficoastlovers.com\/en\/tours\/list\/#local-main-organization-logo","url":"https:\/\/amalficoastlovers.com\/wp-content\/uploads\/2023\/05\/logo-acl-512px_.png","contentUrl":"https:\/\/amalficoastlovers.com\/wp-content\/uploads\/2023\/05\/logo-acl-512px_.png","width":2134,"height":2134,"caption":"Amalfi Coast Lovers Tour & Experiences"}]},"geo.placename":"Salerno","geo.position":{"lat":"40.6753848435806","long":"14.7535631060528"},"geo.region":"Italy"},"_links":{"self":[{"href":"https:\/\/amalficoastlovers.com\/en\/wp-json\/wp\/v2\/pages\/3274","targetHints":{"allow":["GET"]}}],"collection":[{"href":"https:\/\/amalficoastlovers.com\/en\/wp-json\/wp\/v2\/pages"}],"about":[{"href":"https:\/\/amalficoastlovers.com\/en\/wp-json\/wp\/v2\/types\/page"}],"author":[{"embeddable":true,"href":"https:\/\/amalficoastlovers.com\/en\/wp-json\/wp\/v2\/users\/1"}],"replies":[{"embeddable":true,"href":"https:\/\/amalficoastlovers.com\/en\/wp-json\/wp\/v2\/comments?post=3274"}],"version-history":[{"count":2,"href":"https:\/\/amalficoastlovers.com\/en\/wp-json\/wp\/v2\/pages\/3274\/revisions"}],"predecessor-version":[{"id":94513,"href":"https:\/\/amalficoastlovers.com\/en\/wp-json\/wp\/v2\/pages\/3274\/revisions\/94513"}],"up":[{"embeddable":true,"href":"https:\/\/amalficoastlovers.com\/en\/wp-json\/wp\/v2\/pages\/2408"}],"wp:featuredmedia":[{"embeddable":true,"href":"https:\/\/amalficoastlovers.com\/en\/wp-json\/wp\/v2\/media\/93754"}],"wp:attachment":[{"href":"https:\/\/amalficoastlovers.com\/en\/wp-json\/wp\/v2\/media?parent=3274"}],"curies":[{"name":"wp","href":"https:\/\/api.w.org\/{rel}","templated":true}]}}