{"id":3003,"date":"2023-05-03T13:11:28","date_gmt":"2023-05-03T11:11:28","guid":{"rendered":"https:\/\/amalficoastlovers.com\/?page_id=3003"},"modified":"2024-01-19T12:15:17","modified_gmt":"2024-01-19T11:15:17","slug":"refund-and-return-policy","status":"publish","type":"page","link":"https:\/\/amalficoastlovers.com\/en\/refund-and-return-policy\/","title":{"rendered":"Refund and return policy"},"content":{"rendered":"\n<p><\/p>\n\n<p>\n          <strong>Return<\/strong>\n        <\/p>\n\n<p>Amalficoastlovers.com offers a 14-day return policy for all products purchased on our website. To request a refund, you must contact our customer service department within 14 days of receiving the product.<\/p>\n\n<p>To be accepted, the return must be made in accordance with the following conditions:<\/p>\n\n<ul class=\"wp-block-list\">\n<li>The product must be returned in its original packaging, unopened and unused.<\/li>\n\n\n\n<li>The product must be returned with all original accessories and components.<\/li>\n\n\n\n<li>The product must be returned in good condition and undamaged.<\/li>\n<\/ul>\n\n<p>If the returned product does not meet these conditions, Amalficoastlovers.com reserves the right to refuse the refund.<\/p>\n\n<p>\n          <strong>Refunds<\/strong>\n        <\/p>\n\n<p>Once the return has been received and verified, Amalficoastlovers.com will process the refund within 14 business days. The refund will be made on the same payment method used for the purchase.<\/p>\n\n<p>\n          <strong>Exceptions to the return policy<\/strong>\n        <\/p>\n\n<p>Amalficoastlovers.com&#8217;s return policy does not apply to the following products:<\/p>\n\n<ul class=\"wp-block-list\">\n<li>Customized or custom-made products<\/li>\n\n\n\n<li>Sealed products that have been opened after delivery<\/li>\n\n\n\n<li>Products that have been damaged or deteriorated due to customer negligence or carelessness<\/li>\n<\/ul>\n\n<p>\n          <strong>Responsibility<\/strong>\n        <\/p>\n\n<p>Amalficoastlovers.com is not responsible for any damage or loss that occurs during the return of the product. The customer is responsible for ensuring that the product is returned in proper condition.<\/p>\n\n<p>\n          <strong>Contact<\/strong>\n        <\/p>\n\n<p>To request a refund, you must contact our customer service department at:<\/p>\n\n<pre class=\"wp-block-code\"><code>info@amalficoastlovers.com\n<\/code><\/pre>\n\n<p>\n          <strong>Additional information<\/strong>\n        <\/p>\n\n<p>For more information about Amalficoastlovers.com&#8217;s refund and return policy, you can visit our help page.<\/p>\n","protected":false},"excerpt":{"rendered":"<p>Return Amalficoastlovers.com offers a 14-day return policy for all products purchased on our website. To request a refund, you must contact our customer service department within 14 days of receiving [&hellip;]<\/p>\n","protected":false},"author":1,"featured_media":0,"parent":0,"menu_order":0,"comment_status":"closed","ping_status":"closed","template":"","meta":{"_acf_changed":false,"googlesitekit_rrm_CAowr9K7DA:productID":"","rop_custom_images_group":[],"rop_custom_messages_group":[],"rop_publish_now":"initial","rop_publish_now_accounts":{"facebook_10235375115266389_2115593751914668":""},"rop_publish_now_history":[],"rop_publish_now_status":"pending","_mbp_gutenberg_autopost":false,"footnotes":""},"class_list":["post-3003","page","type-page","status-publish","hentry"],"acf":[],"yoast_head":"<!-- This site is optimized with the Yoast SEO Premium plugin v27.4 (Yoast SEO v27.4) - https:\/\/yoast.com\/product\/yoast-seo-premium-wordpress\/ -->\n<title>Refund and return policy - Amalficoastlovers<\/title>\n<meta name=\"description\" content=\"Money back guarantee: Amalficoastlovers.com offers a refund and return policy. Contact customer service!\" \/>\n<meta name=\"robots\" content=\"index, follow, max-snippet:-1, max-image-preview:large, max-video-preview:-1\" \/>\n<link rel=\"canonical\" href=\"https:\/\/amalficoastlovers.com\/en\/refund-and-return-policy\/\" \/>\n<meta property=\"og:locale\" content=\"en_US\" \/>\n<meta property=\"og:type\" content=\"article\" \/>\n<meta property=\"og:title\" content=\"Refund and return policy\" \/>\n<meta property=\"og:description\" content=\"Money back guarantee: Amalficoastlovers.com offers a refund and return policy. Contact customer service!\" \/>\n<meta property=\"og:url\" content=\"https:\/\/amalficoastlovers.com\/en\/refund-and-return-policy\/\" \/>\n<meta property=\"og:site_name\" content=\"Amalficoastlovers\" \/>\n<meta property=\"article:publisher\" content=\"https:\/\/www.facebook.com\/amalficoastlovers\" \/>\n<meta property=\"article:modified_time\" content=\"2024-01-19T11:15:17+00:00\" \/>\n<meta property=\"og:image\" content=\"https:\/\/amalficoastlovers.com\/wp-content\/uploads\/2026\/02\/banner-1200-x-675-px.jpg\" \/>\n\t<meta property=\"og:image:width\" content=\"1200\" \/>\n\t<meta property=\"og:image:height\" content=\"675\" \/>\n\t<meta property=\"og:image:type\" content=\"image\/jpeg\" \/>\n<meta name=\"twitter:card\" content=\"summary_large_image\" \/>\n<meta name=\"twitter:label1\" content=\"Est. reading time\" \/>\n\t<meta name=\"twitter:data1\" content=\"2 minutes\" \/>\n<script type=\"application\/ld+json\" class=\"yoast-schema-graph\">{\"@context\":\"https:\\\/\\\/schema.org\",\"@graph\":[{\"@type\":\"WebPage\",\"@id\":\"https:\\\/\\\/amalficoastlovers.com\\\/en\\\/refund-and-return-policy\\\/\",\"url\":\"https:\\\/\\\/amalficoastlovers.com\\\/en\\\/refund-and-return-policy\\\/\",\"name\":\"Refund and return policy - Amalficoastlovers\",\"isPartOf\":{\"@id\":\"https:\\\/\\\/amalficoastlovers.com\\\/en\\\/#website\"},\"datePublished\":\"2023-05-03T11:11:28+00:00\",\"dateModified\":\"2024-01-19T11:15:17+00:00\",\"description\":\"Money back guarantee: Amalficoastlovers.com offers a refund and return policy. Contact customer service!\",\"breadcrumb\":{\"@id\":\"https:\\\/\\\/amalficoastlovers.com\\\/en\\\/refund-and-return-policy\\\/#breadcrumb\"},\"inLanguage\":\"en-US\",\"potentialAction\":[{\"@type\":\"ReadAction\",\"target\":[\"https:\\\/\\\/amalficoastlovers.com\\\/en\\\/refund-and-return-policy\\\/\"]}]},{\"@type\":\"BreadcrumbList\",\"@id\":\"https:\\\/\\\/amalficoastlovers.com\\\/en\\\/refund-and-return-policy\\\/#breadcrumb\",\"itemListElement\":[{\"@type\":\"ListItem\",\"position\":1,\"name\":\"Home\",\"item\":\"https:\\\/\\\/amalficoastlovers.com\\\/en\\\/\"},{\"@type\":\"ListItem\",\"position\":2,\"name\":\"Refund and return policy\"}]},{\"@type\":\"WebSite\",\"@id\":\"https:\\\/\\\/amalficoastlovers.com\\\/en\\\/#website\",\"url\":\"https:\\\/\\\/amalficoastlovers.com\\\/en\\\/\",\"name\":\"Amalfi Coast Lovers\",\"description\":\"Piattaforma di promozione della Costiera Amalfitana\",\"publisher\":{\"@id\":\"https:\\\/\\\/amalficoastlovers.com\\\/en\\\/#organization\"},\"alternateName\":\"Amalfi Coast Lovers\",\"potentialAction\":[{\"@type\":\"SearchAction\",\"target\":{\"@type\":\"EntryPoint\",\"urlTemplate\":\"https:\\\/\\\/amalficoastlovers.com\\\/en\\\/?s={search_term_string}\"},\"query-input\":{\"@type\":\"PropertyValueSpecification\",\"valueRequired\":true,\"valueName\":\"search_term_string\"}}],\"inLanguage\":\"en-US\"},{\"@type\":[\"Organization\",\"Place\",\"TravelAgency\"],\"@id\":\"https:\\\/\\\/amalficoastlovers.com\\\/en\\\/#organization\",\"name\":\"Amalfi Coast Lovers Tour & Experiences\",\"alternateName\":\"Portale di promozione di Tour e Prodotti della Costiera Amalfitana\",\"url\":\"https:\\\/\\\/amalficoastlovers.com\\\/en\\\/\",\"logo\":{\"@id\":\"https:\\\/\\\/amalficoastlovers.com\\\/en\\\/refund-and-return-policy\\\/#local-main-organization-logo\"},\"image\":{\"@id\":\"https:\\\/\\\/amalficoastlovers.com\\\/en\\\/refund-and-return-policy\\\/#local-main-organization-logo\"},\"sameAs\":[\"https:\\\/\\\/www.facebook.com\\\/amalficoastlovers\",\"https:\\\/\\\/www.instagram.com\\\/amalficoastlovers\\\/\"],\"description\":\"Amalfi Coast Lovers - Esperienze Esclusive in Costiera Amalfitana **Amalfi Coast Lovers** \u00e8 un'azienda specializzata nell'organizzazione di **tour in barca e in auto** lungo la Costiera Amalfitana e le principali destinazioni turistiche della Campania. Offriamo un servizio dedicato a chi desidera scoprire il fascino autentico della regione con esperienze esclusive e personalizzate. ### **Cosa Offriamo** - **Tour privati e di gruppo in barca** lungo la Costiera Amalfitana, con soste nei luoghi pi\u00f9 suggestivi come Positano, Amalfi e le grotte nascoste. - **Escursioni in auto con autista privato**, per visitare comodamente le localit\u00e0 pi\u00f9 iconiche come Ravello, Sorrento, Pompei e il Vesuvio. - **Biglietti d\u2019ingresso riservati** per siti storici e naturali come Pompei, Paestum e il Vesuvio, garantendo un accesso rapido e senza attese. ### **Destinazioni e Esperienze** - **Costiera Amalfitana**: tour panoramici e soste nei borghi pi\u00f9 caratteristici. - **Pompei e Paestum**: visite ai pi\u00f9 importanti siti archeologici della Campania. - **Vesuvio**: escursioni per ammirare il cratere e il panorama sul Golfo di Napoli. - **Capri e Ischia**: tour in barca per esplorare le isole pi\u00f9 affascinanti della regione. ### **Perch\u00e9 Sceglierci** - **Esperienza e professionalit\u00e0** nel settore turistico. - **Servizi personalizzati**, con possibilit\u00e0 di itinerari su misura. - **Assistenza clienti dedicata** prima e durante l\u2019esperienza. Per maggiori informazioni e prenotazioni, visita il nostro sito: [**amalficoastlovers.com**](https:\\\/\\\/amalficoastlovers.com\\\/)\",\"legalName\":\"Amalfi Coast Lovers\",\"foundingDate\":\"2020-05-13\",\"address\":{\"@id\":\"https:\\\/\\\/amalficoastlovers.com\\\/en\\\/refund-and-return-policy\\\/#local-main-place-address\"},\"geo\":{\"@type\":\"GeoCoordinates\",\"latitude\":\"40.6753848435806\",\"longitude\":\"14.7535631060528\"},\"telephone\":[],\"contactPoint\":{\"@type\":\"ContactPoint\",\"email\":\"info@amalficoastlovers.com\"},\"openingHoursSpecification\":[{\"@type\":\"OpeningHoursSpecification\",\"dayOfWeek\":[\"Monday\",\"Tuesday\",\"Wednesday\",\"Thursday\",\"Friday\",\"Saturday\",\"Sunday\"],\"opens\":\"09:00\",\"closes\":\"17:00\"}],\"email\":\"info@amalficoastlovers.com\",\"priceRange\":\"$\",\"currenciesAccepted\":\"Tutte\",\"paymentAccepted\":\"Tutti\"},{\"@type\":\"PostalAddress\",\"@id\":\"https:\\\/\\\/amalficoastlovers.com\\\/en\\\/refund-and-return-policy\\\/#local-main-place-address\",\"streetAddress\":\"Via Sottopiazza Libert\u00e0\",\"addressLocality\":\"Salerno\",\"postalCode\":\"84121\",\"addressRegion\":\"Salerno\",\"addressCountry\":\"IT\"},{\"@type\":\"ImageObject\",\"inLanguage\":\"en-US\",\"@id\":\"https:\\\/\\\/amalficoastlovers.com\\\/en\\\/refund-and-return-policy\\\/#local-main-organization-logo\",\"url\":\"https:\\\/\\\/amalficoastlovers.com\\\/wp-content\\\/uploads\\\/2023\\\/05\\\/logo-acl-512px_.png\",\"contentUrl\":\"https:\\\/\\\/amalficoastlovers.com\\\/wp-content\\\/uploads\\\/2023\\\/05\\\/logo-acl-512px_.png\",\"width\":2134,\"height\":2134,\"caption\":\"Amalfi Coast Lovers Tour & Experiences\"}]}<\/script>\n<meta name=\"geo.placename\" content=\"Salerno\" \/>\n<meta name=\"geo.position\" content=\"40.6753848435806;14.7535631060528\" \/>\n<meta name=\"geo.region\" content=\"Italy\" \/>\n<!-- \/ Yoast SEO Premium plugin. -->","yoast_head_json":{"title":"Refund and return policy - Amalficoastlovers","description":"Money back guarantee: Amalficoastlovers.com offers a refund and return policy. Contact customer service!","robots":{"index":"index","follow":"follow","max-snippet":"max-snippet:-1","max-image-preview":"max-image-preview:large","max-video-preview":"max-video-preview:-1"},"canonical":"https:\/\/amalficoastlovers.com\/en\/refund-and-return-policy\/","og_locale":"en_US","og_type":"article","og_title":"Refund and return policy","og_description":"Money back guarantee: Amalficoastlovers.com offers a refund and return policy. Contact customer service!","og_url":"https:\/\/amalficoastlovers.com\/en\/refund-and-return-policy\/","og_site_name":"Amalficoastlovers","article_publisher":"https:\/\/www.facebook.com\/amalficoastlovers","article_modified_time":"2024-01-19T11:15:17+00:00","og_image":[{"width":1200,"height":675,"url":"https:\/\/amalficoastlovers.com\/wp-content\/uploads\/2026\/02\/banner-1200-x-675-px.jpg","type":"image\/jpeg"}],"twitter_card":"summary_large_image","twitter_misc":{"Est. reading time":"2 minutes"},"schema":{"@context":"https:\/\/schema.org","@graph":[{"@type":"WebPage","@id":"https:\/\/amalficoastlovers.com\/en\/refund-and-return-policy\/","url":"https:\/\/amalficoastlovers.com\/en\/refund-and-return-policy\/","name":"Refund and return policy - Amalficoastlovers","isPartOf":{"@id":"https:\/\/amalficoastlovers.com\/en\/#website"},"datePublished":"2023-05-03T11:11:28+00:00","dateModified":"2024-01-19T11:15:17+00:00","description":"Money back guarantee: Amalficoastlovers.com offers a refund and return policy. Contact customer service!","breadcrumb":{"@id":"https:\/\/amalficoastlovers.com\/en\/refund-and-return-policy\/#breadcrumb"},"inLanguage":"en-US","potentialAction":[{"@type":"ReadAction","target":["https:\/\/amalficoastlovers.com\/en\/refund-and-return-policy\/"]}]},{"@type":"BreadcrumbList","@id":"https:\/\/amalficoastlovers.com\/en\/refund-and-return-policy\/#breadcrumb","itemListElement":[{"@type":"ListItem","position":1,"name":"Home","item":"https:\/\/amalficoastlovers.com\/en\/"},{"@type":"ListItem","position":2,"name":"Refund and return policy"}]},{"@type":"WebSite","@id":"https:\/\/amalficoastlovers.com\/en\/#website","url":"https:\/\/amalficoastlovers.com\/en\/","name":"Amalfi Coast Lovers","description":"Piattaforma di promozione della Costiera Amalfitana","publisher":{"@id":"https:\/\/amalficoastlovers.com\/en\/#organization"},"alternateName":"Amalfi Coast Lovers","potentialAction":[{"@type":"SearchAction","target":{"@type":"EntryPoint","urlTemplate":"https:\/\/amalficoastlovers.com\/en\/?s={search_term_string}"},"query-input":{"@type":"PropertyValueSpecification","valueRequired":true,"valueName":"search_term_string"}}],"inLanguage":"en-US"},{"@type":["Organization","Place","TravelAgency"],"@id":"https:\/\/amalficoastlovers.com\/en\/#organization","name":"Amalfi Coast Lovers Tour & Experiences","alternateName":"Portale di promozione di Tour e Prodotti della Costiera Amalfitana","url":"https:\/\/amalficoastlovers.com\/en\/","logo":{"@id":"https:\/\/amalficoastlovers.com\/en\/refund-and-return-policy\/#local-main-organization-logo"},"image":{"@id":"https:\/\/amalficoastlovers.com\/en\/refund-and-return-policy\/#local-main-organization-logo"},"sameAs":["https:\/\/www.facebook.com\/amalficoastlovers","https:\/\/www.instagram.com\/amalficoastlovers\/"],"description":"Amalfi Coast Lovers - Esperienze Esclusive in Costiera Amalfitana **Amalfi Coast Lovers** \u00e8 un'azienda specializzata nell'organizzazione di **tour in barca e in auto** lungo la Costiera Amalfitana e le principali destinazioni turistiche della Campania. Offriamo un servizio dedicato a chi desidera scoprire il fascino autentico della regione con esperienze esclusive e personalizzate. ### **Cosa Offriamo** - **Tour privati e di gruppo in barca** lungo la Costiera Amalfitana, con soste nei luoghi pi\u00f9 suggestivi come Positano, Amalfi e le grotte nascoste. - **Escursioni in auto con autista privato**, per visitare comodamente le localit\u00e0 pi\u00f9 iconiche come Ravello, Sorrento, Pompei e il Vesuvio. - **Biglietti d\u2019ingresso riservati** per siti storici e naturali come Pompei, Paestum e il Vesuvio, garantendo un accesso rapido e senza attese. ### **Destinazioni e Esperienze** - **Costiera Amalfitana**: tour panoramici e soste nei borghi pi\u00f9 caratteristici. - **Pompei e Paestum**: visite ai pi\u00f9 importanti siti archeologici della Campania. - **Vesuvio**: escursioni per ammirare il cratere e il panorama sul Golfo di Napoli. - **Capri e Ischia**: tour in barca per esplorare le isole pi\u00f9 affascinanti della regione. ### **Perch\u00e9 Sceglierci** - **Esperienza e professionalit\u00e0** nel settore turistico. - **Servizi personalizzati**, con possibilit\u00e0 di itinerari su misura. - **Assistenza clienti dedicata** prima e durante l\u2019esperienza. Per maggiori informazioni e prenotazioni, visita il nostro sito: [**amalficoastlovers.com**](https:\/\/amalficoastlovers.com\/)","legalName":"Amalfi Coast Lovers","foundingDate":"2020-05-13","address":{"@id":"https:\/\/amalficoastlovers.com\/en\/refund-and-return-policy\/#local-main-place-address"},"geo":{"@type":"GeoCoordinates","latitude":"40.6753848435806","longitude":"14.7535631060528"},"telephone":[],"contactPoint":{"@type":"ContactPoint","email":"info@amalficoastlovers.com"},"openingHoursSpecification":[{"@type":"OpeningHoursSpecification","dayOfWeek":["Monday","Tuesday","Wednesday","Thursday","Friday","Saturday","Sunday"],"opens":"09:00","closes":"17:00"}],"email":"info@amalficoastlovers.com","priceRange":"$","currenciesAccepted":"Tutte","paymentAccepted":"Tutti"},{"@type":"PostalAddress","@id":"https:\/\/amalficoastlovers.com\/en\/refund-and-return-policy\/#local-main-place-address","streetAddress":"Via Sottopiazza Libert\u00e0","addressLocality":"Salerno","postalCode":"84121","addressRegion":"Salerno","addressCountry":"IT"},{"@type":"ImageObject","inLanguage":"en-US","@id":"https:\/\/amalficoastlovers.com\/en\/refund-and-return-policy\/#local-main-organization-logo","url":"https:\/\/amalficoastlovers.com\/wp-content\/uploads\/2023\/05\/logo-acl-512px_.png","contentUrl":"https:\/\/amalficoastlovers.com\/wp-content\/uploads\/2023\/05\/logo-acl-512px_.png","width":2134,"height":2134,"caption":"Amalfi Coast Lovers Tour & Experiences"}]},"geo.placename":"Salerno","geo.position":{"lat":"40.6753848435806","long":"14.7535631060528"},"geo.region":"Italy"},"_links":{"self":[{"href":"https:\/\/amalficoastlovers.com\/en\/wp-json\/wp\/v2\/pages\/3003","targetHints":{"allow":["GET"]}}],"collection":[{"href":"https:\/\/amalficoastlovers.com\/en\/wp-json\/wp\/v2\/pages"}],"about":[{"href":"https:\/\/amalficoastlovers.com\/en\/wp-json\/wp\/v2\/types\/page"}],"author":[{"embeddable":true,"href":"https:\/\/amalficoastlovers.com\/en\/wp-json\/wp\/v2\/users\/1"}],"replies":[{"embeddable":true,"href":"https:\/\/amalficoastlovers.com\/en\/wp-json\/wp\/v2\/comments?post=3003"}],"version-history":[{"count":0,"href":"https:\/\/amalficoastlovers.com\/en\/wp-json\/wp\/v2\/pages\/3003\/revisions"}],"wp:attachment":[{"href":"https:\/\/amalficoastlovers.com\/en\/wp-json\/wp\/v2\/media?parent=3003"}],"curies":[{"name":"wp","href":"https:\/\/api.w.org\/{rel}","templated":true}]}}